{"id":175,"date":"2017-06-13T10:13:14","date_gmt":"2017-06-13T13:13:14","guid":{"rendered":"http:\/\/www.milcaronzoni.com.ar\/?page_id=7"},"modified":"2017-06-13T10:13:14","modified_gmt":"2017-06-13T13:13:14","slug":"inicio","status":"publish","type":"page","link":"https:\/\/milcaronzoni.com.ar\/","title":{"rendered":"EL TRIUNFO DE LA NATURALEZA"},"content":{"rendered":"\n<p> Vivo con angustia la relaci\u00f3n entre la humanidad y la naturaleza, investigo las fallas y marcas que esta interacci\u00f3n deja a su paso. Me interesa estudiar la percepci\u00f3n tradicional de la naturaleza como lugar id\u00edlico y su capacidad de transformarse en un medio hostil. Busco hacer visibles los hechos y relaciones que damos por sentado, de los que no nos percatamos, que pueden sencillamente romperse y tener consecuencias catastr\u00f3ficas.<br> <em>Chernobyl<\/em> parte del desastre nuclear en Ucrania en 1986 y al llamado \u201cBosque Rojo\u201d en un \u00e1rea de alrededor de 4km<sup>2<\/sup> cercana al reactor que luego del desastre muri\u00f3 y tom\u00f3 una coloraci\u00f3n rojiza\/cobriza. Es posible ver el rastro de la intervenci\u00f3n no deliberada del ser humano en las c\u00e9lulas vegetales de los <em>Pinus<\/em> <em>sylvestris<\/em> sobrevivientes al accidente; en sus anillos est\u00e1n grabados los efectos de la exposici\u00f3n a la radiaci\u00f3n.  <br> Hago crecer minuciosamente mis dibujos como si fueran plantas, en algo parecido a un microcosmos de c\u00e9lulas e infecciones. La b\u00fasqueda es paisajes que perturben, que sean siniestros y generen miedo a pesar de la belleza. <br> Hoy en la zona de exclusi\u00f3n ha vuelto a florecer la vida salvaje, pero \u201cel desastre de Chernobyl est\u00e1 escrito en sus \u00e1rboles\u201d<a href=\"http:\/\/www.milcaronzoni.com.ar\/wp-admin\/post.php?post=7&amp;action=edit#_ftn1\">[1]<\/a>. <br> <a href=\"http:\/\/www.milcaronzoni.com.ar\/wp-admin\/post.php?post=7&amp;action=edit#_ftnref1\">[1]<\/a> Mark Kniver, BBC. <\/p>\n","protected":false},"excerpt":{"rendered":"<p>Vivo con angustia la relaci\u00f3n entre la humanidad y la naturaleza, investigo las fallas y marcas que esta interacci\u00f3n deja a su paso. Me interesa estudiar la percepci\u00f3n tradicional de la naturaleza como lugar id\u00edlico y su capacidad de transformarse en un medio hostil. Busco hacer visibles los hechos y relaciones que damos por sentado, &hellip; <a href=\"https:\/\/milcaronzoni.com.ar\/\" class=\"more-link\">Continue reading <span class=\"screen-reader-text\">EL TRIUNFO DE LA NATURALEZA<\/span><\/a><\/p>\n","protected":false},"author":1,"featured_media":160,"parent":0,"menu_order":0,"comment_status":"closed","ping_status":"closed","template":"","meta":[],"_links":{"self":[{"href":"https:\/\/milcaronzoni.com.ar\/index.php?rest_route=\/wp\/v2\/pages\/175"}],"collection":[{"href":"https:\/\/milcaronzoni.com.ar\/index.php?rest_route=\/wp\/v2\/pages"}],"about":[{"href":"https:\/\/milcaronzoni.com.ar\/index.php?rest_route=\/wp\/v2\/types\/page"}],"author":[{"embeddable":true,"href":"https:\/\/milcaronzoni.com.ar\/index.php?rest_route=\/wp\/v2\/users\/1"}],"replies":[{"embeddable":true,"href":"https:\/\/milcaronzoni.com.ar\/index.php?rest_route=%2Fwp%2Fv2%2Fcomments&post=175"}],"version-history":[{"count":0,"href":"https:\/\/milcaronzoni.com.ar\/index.php?rest_route=\/wp\/v2\/pages\/175\/revisions"}],"wp:featuredmedia":[{"embeddable":true,"href":"https:\/\/milcaronzoni.com.ar\/index.php?rest_route=\/wp\/v2\/media\/160"}],"wp:attachment":[{"href":"https:\/\/milcaronzoni.com.ar\/index.php?rest_route=%2Fwp%2Fv2%2Fmedia&parent=175"}],"curies":[{"name":"wp","href":"https:\/\/api.w.org\/{rel}","templated":true}]}}